{"id":353,"date":"2024-05-06T20:26:05","date_gmt":"2024-05-06T12:26:05","guid":{"rendered":"https:\/\/zbunion.com\/?page_id=353"},"modified":"2024-05-06T23:21:42","modified_gmt":"2024-05-06T15:21:42","slug":"wall-mount-digital-signage","status":"publish","type":"page","link":"https:\/\/zbunion.com\/es\/digital-signage\/wall-mount-digital-signage\/","title":{"rendered":"Wall mount digital signage"},"content":{"rendered":"<div class=\"wp-block-columns is-layout-flex wp-container-core-columns-is-layout-28f84493 wp-block-columns-is-layout-flex\">\n<div class=\"wp-block-column is-layout-flow wp-block-column-is-layout-flow\" style=\"flex-basis:33.33%\">\n<figure class=\"wp-block-gallery has-nested-images columns-default is-cropped wp-block-gallery-1 is-layout-flex wp-block-gallery-is-layout-flex\">\n<figure class=\"wp-block-image size-full\"><img loading=\"lazy\" decoding=\"async\" width=\"1000\" height=\"1000\" data-id=\"355\" src=\"https:\/\/zbunion.com\/wp-content\/uploads\/2024\/05\/\u5fae\u4fe1\u56fe\u7247_20230525210356.jpg\" alt=\"\" class=\"wp-image-355\" srcset=\"https:\/\/zbunion.com\/wp-content\/uploads\/2024\/05\/\u5fae\u4fe1\u56fe\u7247_20230525210356.jpg 1000w, https:\/\/zbunion.com\/wp-content\/uploads\/2024\/05\/\u5fae\u4fe1\u56fe\u7247_20230525210356-300x300.jpg 300w, https:\/\/zbunion.com\/wp-content\/uploads\/2024\/05\/\u5fae\u4fe1\u56fe\u7247_20230525210356-150x150.jpg 150w, https:\/\/zbunion.com\/wp-content\/uploads\/2024\/05\/\u5fae\u4fe1\u56fe\u7247_20230525210356-768x768.jpg 768w\" sizes=\"auto, (max-width: 1000px) 100vw, 1000px\" \/><\/figure>\n<\/figure>\n\n\n\n<figure class=\"wp-block-gallery has-nested-images columns-default is-cropped wp-block-gallery-2 is-layout-flex wp-block-gallery-is-layout-flex\">\n<figure class=\"wp-block-image size-large\"><img loading=\"lazy\" decoding=\"async\" width=\"1024\" height=\"749\" data-id=\"234\" src=\"https:\/\/zbunion.com\/wp-content\/uploads\/2024\/04\/IMG_1146-1024x749.jpeg\" alt=\"\" class=\"wp-image-234\" srcset=\"https:\/\/zbunion.com\/wp-content\/uploads\/2024\/04\/IMG_1146-1024x749.jpeg 1024w, https:\/\/zbunion.com\/wp-content\/uploads\/2024\/04\/IMG_1146-300x220.jpeg 300w, https:\/\/zbunion.com\/wp-content\/uploads\/2024\/04\/IMG_1146-768x562.jpeg 768w, https:\/\/zbunion.com\/wp-content\/uploads\/2024\/04\/IMG_1146.jpeg 1476w\" sizes=\"auto, (max-width: 1024px) 100vw, 1024px\" \/><\/figure>\n<\/figure>\n\n\n\n<figure class=\"wp-block-gallery has-nested-images columns-default is-cropped wp-block-gallery-3 is-layout-flex wp-block-gallery-is-layout-flex\">\n<figure class=\"wp-block-image size-large\"><img loading=\"lazy\" decoding=\"async\" width=\"693\" height=\"629\" data-id=\"240\" src=\"https:\/\/zbunion.com\/wp-content\/uploads\/2024\/04\/IMG_1046.jpeg\" alt=\"\" class=\"wp-image-240\" srcset=\"https:\/\/zbunion.com\/wp-content\/uploads\/2024\/04\/IMG_1046.jpeg 693w, https:\/\/zbunion.com\/wp-content\/uploads\/2024\/04\/IMG_1046-300x272.jpeg 300w\" sizes=\"auto, (max-width: 693px) 100vw, 693px\" \/><\/figure>\n<\/figure>\n\n\n\n<figure class=\"wp-block-gallery has-nested-images columns-default is-cropped wp-block-gallery-4 is-layout-flex wp-block-gallery-is-layout-flex\">\n<figure class=\"wp-block-image size-large\"><img loading=\"lazy\" decoding=\"async\" width=\"800\" height=\"800\" data-id=\"241\" src=\"https:\/\/zbunion.com\/wp-content\/uploads\/2024\/04\/writer_2.jpeg\" alt=\"\" class=\"wp-image-241\" srcset=\"https:\/\/zbunion.com\/wp-content\/uploads\/2024\/04\/writer_2.jpeg 800w, https:\/\/zbunion.com\/wp-content\/uploads\/2024\/04\/writer_2-300x300.jpeg 300w, https:\/\/zbunion.com\/wp-content\/uploads\/2024\/04\/writer_2-150x150.jpeg 150w, https:\/\/zbunion.com\/wp-content\/uploads\/2024\/04\/writer_2-768x768.jpeg 768w\" sizes=\"auto, (max-width: 800px) 100vw, 800px\" \/><\/figure>\n<\/figure>\n<\/div>\n\n\n\n<div class=\"wp-block-column is-layout-flow wp-block-column-is-layout-flow\" style=\"flex-basis:66.66%\">\n<p><strong>Wall Mount digital signage Display(Narrow bezel Style)<\/strong><\/p>\n\n\n\n<figure class=\"wp-block-table\"><table><tbody><tr><td><strong>Ultra-thin bezel. Professional structure design<\/strong><br><strong>Brand-new A+ LCD panel<\/strong> <strong>Working time: 7&#215;24 uninterrupted working<\/strong> <br><strong>All metal housing<\/strong> <strong>Anti-static, anti-magnetic, tamper-proof<\/strong> <br><strong>Wall-mounted standard to VESA<\/strong><\/td><\/tr><\/tbody><\/table><figcaption class=\"wp-element-caption\"><strong>Digital<\/strong>\u00a0<strong>Signage<\/strong>\u00a0<strong>Size<\/strong> 10.1inch-<strong>32\u201d 43\u201d 49\u201d 55\u201d<\/strong><br><br><strong>Panel Arguments<\/strong><br><strong>Screen Type<\/strong> <strong>A grade LCD Panel<\/strong><br><strong>Show Size<\/strong><br><strong>32inch-698.4\u00d7392.8mm(H*V)<\/strong><br><strong>43inch-941.2\u00d7529.4mm(H*V)<\/strong><br><strong>49inch-1073.7\u00d7604.1mm(H*V)<\/strong><br><strong>55inch-1209.6\u00d7680.4mm(H*V)<\/strong><br><strong>Display Ratio<\/strong> <strong>16:9<\/strong><br><strong>Resolution<\/strong> <strong>1920\u00d71080\/3840*2160<\/strong><br><strong>Display Color<\/strong> <strong>16.7M<\/strong><br><strong>Brightness<\/strong> <strong>300-350cd\/m\u00b2<\/strong><br><strong>Contrast Ratio<\/strong> <strong>1100:1 ref.<\/strong><br><strong>Visual Angle<\/strong> <strong>178\u00b0(H) \/ 178\u00b0(V)<\/strong><br><strong>Response Time<\/strong> <strong>6ms<\/strong><br><strong>S-System<\/strong> <strong>PAL \/ NTSC \/ SECAM<\/strong><br><strong>Life<\/strong>time <strong>30000-50000 Hours<\/strong><br><strong>\u00a0<\/strong><br><strong>Power Consummation<\/strong><br><strong>Power Voltage<\/strong> <strong>AC100V\uff5e240V<\/strong><br><strong>Working Power<\/strong><br><strong>32inch&#8211;\u226490W<\/strong><br><strong>43inch&#8211;\u2264130W<\/strong><br><strong>49inch&#8211;\u2264160W<\/strong><br><strong>55inch&#8211;\u2264200W<\/strong><br><strong>Standby Power<\/strong> <strong>\u22642W<\/strong><br><strong>\u00a0<\/strong><strong>\u00a0<\/strong><br><strong>Detailed Function<\/strong><br><strong>Video Format<\/strong> <strong>MP4,3GP,MPG,AVI,WMV,FLV,SWF,RMVB,MKV,VOB<\/strong><br><strong>Audio Format<\/strong> <strong>MP3,WMA,AMR,OGG,AAC,WAV,FLAC,APE<\/strong><br><strong>Image Format<\/strong> <strong>JPG,BMP,PNG,TIF,ICO,GIF,TGA<\/strong><br><strong>Play Mode<\/strong> <strong>Horizontal, Vertical, Full Screen, Split Screen<\/strong><br><strong>Log Management<\/strong> <strong>Support to terminal log and playlist log<\/strong><br><strong>Power Mode<\/strong> <strong>Time-setting On or Off \u00a0| \u00a0Manual<\/strong><br><strong>\u00a0<\/strong><strong>\u00a0\u00a0<\/strong><br><strong>Product Concerns<\/strong><br><strong>Panel Protection<\/strong> <strong>3-5MM Toughed Glass<\/strong><br><strong>Sound<\/strong> <strong>2*5\/10W<\/strong><br><strong>Server Support<\/strong> <strong>Win 7\/10\/11\/Linux\/Android<\/strong><br><strong>Board Support<\/strong> <strong>Android, RK3566\/3568 Amlogic T972, etc<\/strong><br><strong>2\/4G Ram +16\/32G Rom, Android9\/10\/11<\/strong><br><strong>X86-Windows, Intel I3\/I5\/I7<\/strong><br><strong>4\/8G Ram + 128\/256\/512G SSD, WIN10\/11<\/strong> <strong>Linux<\/strong><br><br><strong>Control Interface<\/strong><br><strong>HD OUT, USB2.0\/3.0, RJ45, TF Card, WIFI, 4G\/5G cellular, T972 with HD IN<\/strong><br><strong>Work Temperature<\/strong> <strong>-20\u2103 to +50\u2103<\/strong><br><strong>Store Temperature<\/strong> <strong>-30\u2103 to +60\u2103<\/strong><br><strong>Whole Size<\/strong><br><strong>32inch-725*420*23\/79(mm)<\/strong>\u00a0<br><strong>43inch-946*556*23\/79(mm)<\/strong>\u00a0<br><strong>49inch-1133*656*59.3(mm)<\/strong>\u00a0<br><strong>55inch-1238*710*23\/79(mm)<\/strong>\u00a0<br><br><strong>Whole Color<\/strong> <strong>Black, Silver, White (Customized)<\/strong><br><strong>Certificates<\/strong> <strong>ISO9001\/CE\/FCC\/RoHS<\/strong><br><strong>Accessories<\/strong><br><strong>Remote Control, AC Power Cord, Lcok-Key, Wall mount Rack, Instruction, Warranty Card<\/strong><br><strong>Support Project<\/strong> <strong>USB stand-alone, Network, Touch Screen<\/strong><br><strong>Net Weight<\/strong> <strong>TBD \u00d7\u00d7(kg) (Customized)<\/strong><br><strong>32inch\u2014around 12kg<\/strong><br><strong>43inch\u2014around 19kg<\/strong><br><strong>49inch\u2014around 23kg<\/strong><br><strong>55inch\u2014around 31kg<\/strong><br>\u00a0<\/figcaption><\/figure>\n<\/div>\n<\/div>","protected":false},"excerpt":{"rendered":"<p>Wall Mount digital signage Display(Narrow bezel Style) Ultra-thin bezel. Professional structure designBrand-new A+ LCD panel Working time: 7&#215;24 uninterrupted working All metal housing Anti-static, anti-magnetic, tamper-proof Wall-mounted standard to VESA Digital\u00a0Signage\u00a0Size 10.1inch-32\u201d 43\u201d 49\u201d 55\u201d Panel ArgumentsScreen Type A grade LCD PanelShow Size32inch-698.4\u00d7392.8mm(H*V)43inch-941.2\u00d7529.4mm(H*V)49inch-1073.7\u00d7604.1mm(H*V)55inch-1209.6\u00d7680.4mm(H*V)Display Ratio 16:9Resolution 1920\u00d71080\/3840*2160Display Color 16.7MBrightness 300-350cd\/m\u00b2Contrast Ratio 1100:1 ref.Visual Angle 178\u00b0(H) \/ [&hellip;]<\/p>","protected":false},"author":1,"featured_media":0,"parent":68,"menu_order":0,"comment_status":"closed","ping_status":"closed","template":"","meta":{"om_disable_all_campaigns":false,"_monsterinsights_skip_tracking":false,"_monsterinsights_sitenote_active":false,"_monsterinsights_sitenote_note":"","_monsterinsights_sitenote_category":0,"_uf_show_specific_survey":0,"_uf_disable_surveys":false,"footnotes":""},"class_list":["post-353","page","type-page","status-publish","hentry"],"aioseo_notices":[],"_links":{"self":[{"href":"https:\/\/zbunion.com\/es\/wp-json\/wp\/v2\/pages\/353","targetHints":{"allow":["GET"]}}],"collection":[{"href":"https:\/\/zbunion.com\/es\/wp-json\/wp\/v2\/pages"}],"about":[{"href":"https:\/\/zbunion.com\/es\/wp-json\/wp\/v2\/types\/page"}],"author":[{"embeddable":true,"href":"https:\/\/zbunion.com\/es\/wp-json\/wp\/v2\/users\/1"}],"replies":[{"embeddable":true,"href":"https:\/\/zbunion.com\/es\/wp-json\/wp\/v2\/comments?post=353"}],"version-history":[{"count":8,"href":"https:\/\/zbunion.com\/es\/wp-json\/wp\/v2\/pages\/353\/revisions"}],"predecessor-version":[{"id":365,"href":"https:\/\/zbunion.com\/es\/wp-json\/wp\/v2\/pages\/353\/revisions\/365"}],"up":[{"embeddable":true,"href":"https:\/\/zbunion.com\/es\/wp-json\/wp\/v2\/pages\/68"}],"wp:attachment":[{"href":"https:\/\/zbunion.com\/es\/wp-json\/wp\/v2\/media?parent=353"}],"curies":[{"name":"wp","href":"https:\/\/api.w.org\/{rel}","templated":true}]}}